{"id":1377,"date":"2025-12-20T11:24:42","date_gmt":"2025-12-20T10:24:42","guid":{"rendered":"https:\/\/karinarealestateagent.com\/?page_id=1377"},"modified":"2025-12-22T10:53:06","modified_gmt":"2025-12-22T09:53:06","slug":"sobre","status":"publish","type":"page","link":"https:\/\/karinarealestateagent.com\/ru\/sobre\/","title":{"rendered":"\u041e\u0431\u043e \u041c\u043d\u0435"},"content":{"rendered":"<div data-elementor-type=\"wp-page\" data-elementor-id=\"1377\" class=\"elementor elementor-1377\">\n\t\t\t\t<div class=\"elementor-element elementor-element-9a116da e-flex e-con-boxed e-con e-parent\" data-id=\"9a116da\" data-element_type=\"container\" data-e-type=\"container\">\n\t\t\t\t\t<div class=\"e-con-inner\">\n\t\t<div class=\"elementor-element elementor-element-1a85fe8 e-con-full e-flex e-con e-child\" data-id=\"1a85fe8\" data-element_type=\"container\" data-e-type=\"container\">\n\t\t\t\t<div class=\"elementor-element elementor-element-65416b7 elementor-widget elementor-widget-image\" data-id=\"65416b7\" data-element_type=\"widget\" data-e-type=\"widget\" data-widget_type=\"image.default\">\n\t\t\t\t\t\t\t\t\t\t\t\t\t\t\t<img fetchpriority=\"high\" decoding=\"async\" width=\"900\" height=\"563\" src=\"https:\/\/karinarealestateagent.com\/wp-content\/uploads\/2024\/03\/Les-plus-belles-plages-de-Malaga-en-Espagne.jpg\" class=\"attachment-large size-large wp-image-1294\" alt=\"\" srcset=\"https:\/\/karinarealestateagent.com\/wp-content\/uploads\/2024\/03\/Les-plus-belles-plages-de-Malaga-en-Espagne.jpg 900w, https:\/\/karinarealestateagent.com\/wp-content\/uploads\/2024\/03\/Les-plus-belles-plages-de-Malaga-en-Espagne-300x188.jpg 300w, https:\/\/karinarealestateagent.com\/wp-content\/uploads\/2024\/03\/Les-plus-belles-plages-de-Malaga-en-Espagne-768x480.jpg 768w\" sizes=\"(max-width: 900px) 100vw, 900px\" \/>\t\t\t\t\t\t\t\t\t\t\t\t\t\t\t<\/div>\n\t\t\t\t<\/div>\n\t\t<div class=\"elementor-element elementor-element-9f960e3 e-con-full elementor-hidden-mobile e-flex e-con e-child\" data-id=\"9f960e3\" data-element_type=\"container\" data-e-type=\"container\">\n\t\t\t\t<\/div>\n\t\t\t\t\t<\/div>\n\t\t\t\t<\/div>\n\t\t<div class=\"elementor-element elementor-element-0cbf1b6 e-flex e-con-boxed e-con e-parent\" data-id=\"0cbf1b6\" data-element_type=\"container\" data-e-type=\"container\">\n\t\t\t\t\t<div class=\"e-con-inner\">\n\t\t<div class=\"elementor-element elementor-element-3b9dc78 e-con-full e-flex e-con e-child\" data-id=\"3b9dc78\" data-element_type=\"container\" data-e-type=\"container\">\n\t\t\t\t<div class=\"elementor-element elementor-element-a8a780d elementor-widget elementor-widget-text-editor\" data-id=\"a8a780d\" data-element_type=\"widget\" data-e-type=\"widget\" data-widget_type=\"text-editor.default\">\n\t\t\t\t\t\t\t\t\t<p><strong>\u042f \u0430\u0433\u0435\u043d\u0442 \u043f\u043e \u043d\u0435\u0434\u0432\u0438\u0436\u0438\u043c\u043e\u0441\u0442\u0438 \u043d\u0430 \u041a\u043e\u0441\u0442\u0430-\u0434\u0435\u043b\u044c-\u0421\u043e\u043b\u044c, \u0443 \u043c\u0435\u043d\u044f \u0435\u0441\u0442\u044c \u0431\u043e\u043b\u044c\u0448\u043e\u0439 \u043e\u043f\u044b\u0442 \u0432 \u044d\u0442\u043e\u0439 \u0441\u0444\u0435\u0440\u0435,\u0442\u0430\u043a \u043a\u0430\u043a \u044f \u0436\u0438\u0432\u0443 \u0432 \u0418\u0441\u043f\u0430\u043d\u0438\u0438 \u0441 2012 \u0433\u043e\u0434\u0430 \u0438, \u0441 \u0442\u0435\u0445 \u043f\u043e\u0440 \u044f \u0441\u043e\u0441\u0440\u0435\u0434\u043e\u0442\u043e\u0447\u0438\u043b\u0430\u0441\u044c \u043d\u0430 \u043e\u0431\u0443\u0447\u0435\u043d\u0438\u0438 \u0438 \u043f\u043e\u0434\u0433\u043e\u0442\u043e\u0432\u043a\u0435 \u0441\u0435\u0431\u044f, \u0447\u0442\u043e\u0431\u044b \u0431\u044b\u0442\u044c \u043e\u0447\u0435\u043d\u044c \u043f\u043e\u043b\u0435\u0437\u043d\u043e\u0439 \u043b\u044e\u0434\u044f\u043c, \u043a\u043e\u0442\u043e\u0440\u044b\u043c \u043d\u0435\u043e\u0431\u0445\u043e\u0434\u0438\u043c\u043e \u043f\u0440\u043e\u0432\u0435\u0441\u0442\u0438 \u043d\u0435\u043a\u043e\u0442\u043e\u0440\u044b\u0435 \u043f\u0440\u043e\u0446\u0435\u0434\u0443\u0440\u044b \u0432 \u0418\u0441\u043f\u0430\u043d\u0438\u0438 \u0438 \u0438\u043c \u043d\u0443\u0436\u0435\u043d \u0447\u0435\u043b\u043e\u0432\u0435\u043a,\u043a\u043e\u0442\u043e\u0440\u043e\u043c\u0443 \u043e\u043d\u0438 \u043c\u043e\u0433\u0443\u0442 \u0434\u043e\u0432\u0435\u0440\u0438\u0442\u044c\u0441\u044f ,\u0438 \u043e\u043d \u0432\u044b\u043f\u043e\u043b\u043d\u0438\u0442 \u0432\u0441\u044e \u0440\u0430\u0431\u043e\u0442\u0443 \u043f\u0440\u043e\u0444\u0435\u0441\u0438\u043e\u043d\u0430\u043b\u044c\u043d\u044b\u043c \u0438 \u044d\u0444\u0444\u0435\u043a\u0442\u0438\u0432\u043d\u044b\u043c \u043e\u0431\u0440\u0430\u0437\u043e\u043c.<\/strong><\/p>\t\t\t\t\t\t\t\t<\/div>\n\t\t\t\t<\/div>\n\t\t<div class=\"elementor-element elementor-element-3bf8d22 e-con-full e-flex e-con e-child\" data-id=\"3bf8d22\" data-element_type=\"container\" data-e-type=\"container\" data-settings=\"{&quot;background_background&quot;:&quot;classic&quot;}\">\n\t\t\t\t<div class=\"elementor-element elementor-element-5f7edaf elementor-widget elementor-widget-image\" data-id=\"5f7edaf\" data-element_type=\"widget\" data-e-type=\"widget\" data-widget_type=\"image.default\">\n\t\t\t\t\t\t\t\t\t\t\t\t\t\t\t<img decoding=\"async\" src=\"https:\/\/karinarealestateagent.com\/wp-content\/uploads\/elementor\/thumbs\/bg-05-free-img-qkrbh3t4ysqd17mu8pf7quxg93bcpr5v086lxi1twg.jpg\" title=\"bg-05-free-img\" alt=\"Background Image\" loading=\"lazy\" \/>\t\t\t\t\t\t\t\t\t\t\t\t\t\t\t<\/div>\n\t\t\t\t<\/div>\n\t\t\t\t\t<\/div>\n\t\t\t\t<\/div>\n\t\t<div class=\"elementor-element elementor-element-5a5345c e-con-full e-flex e-con e-parent\" data-id=\"5a5345c\" data-element_type=\"container\" data-e-type=\"container\" data-settings=\"{&quot;background_background&quot;:&quot;classic&quot;}\">\n\t\t<div class=\"elementor-element elementor-element-563cc90 e-con-full e-flex e-con e-child\" data-id=\"563cc90\" data-element_type=\"container\" data-e-type=\"container\">\n\t\t\t\t<div class=\"elementor-element elementor-element-e1e7082 elementor-widget elementor-widget-image\" data-id=\"e1e7082\" data-element_type=\"widget\" data-e-type=\"widget\" data-widget_type=\"image.default\">\n\t\t\t\t\t\t\t\t\t\t\t\t\t\t\t<img decoding=\"async\" width=\"1024\" height=\"768\" src=\"https:\/\/karinarealestateagent.com\/wp-content\/uploads\/2024\/03\/IMG20230905130916-1024x768.jpg\" class=\"attachment-large size-large wp-image-1245\" alt=\"\" srcset=\"https:\/\/karinarealestateagent.com\/wp-content\/uploads\/2024\/03\/IMG20230905130916-1024x768.jpg 1024w, https:\/\/karinarealestateagent.com\/wp-content\/uploads\/2024\/03\/IMG20230905130916-300x225.jpg 300w, https:\/\/karinarealestateagent.com\/wp-content\/uploads\/2024\/03\/IMG20230905130916-768x576.jpg 768w, https:\/\/karinarealestateagent.com\/wp-content\/uploads\/2024\/03\/IMG20230905130916-1536x1152.jpg 1536w, https:\/\/karinarealestateagent.com\/wp-content\/uploads\/2024\/03\/IMG20230905130916-2048x1536.jpg 2048w\" sizes=\"(max-width: 1024px) 100vw, 1024px\" \/>\t\t\t\t\t\t\t\t\t\t\t\t\t\t\t<\/div>\n\t\t\t\t<\/div>\n\t\t<div class=\"elementor-element elementor-element-bebfc36 e-con-full e-flex e-con e-child\" data-id=\"bebfc36\" data-element_type=\"container\" data-e-type=\"container\">\n\t\t\t\t<div class=\"elementor-element elementor-element-429a6d0 elementor-widget__width-initial elementor-widget elementor-widget-heading\" data-id=\"429a6d0\" data-element_type=\"widget\" data-e-type=\"widget\" data-widget_type=\"heading.default\">\n\t\t\t\t\t<h2 class=\"elementor-heading-title elementor-size-default\">\u042f \u041f\u041e\u041b\u0423\u0427\u0410\u042e \u041b\u0423\u0427\u0428\u0418\u0415 \u0420\u0415\u0417\u0423\u041b\u042c\u0422\u0410\u0422\u042b.<\/h2>\t\t\t\t<\/div>\n\t\t\t\t<div class=\"elementor-element elementor-element-6365e71 elementor-widget__width-initial elementor-widget-divider--view-line elementor-widget elementor-widget-divider\" data-id=\"6365e71\" data-element_type=\"widget\" data-e-type=\"widget\" data-widget_type=\"divider.default\">\n\t\t\t\t\t\t\t<div class=\"elementor-divider\">\n\t\t\t<span class=\"elementor-divider-separator\">\n\t\t\t\t\t\t<\/span>\n\t\t<\/div>\n\t\t\t\t\t\t<\/div>\n\t\t\t\t<div class=\"elementor-element elementor-element-0d2df47 elementor-widget__width-initial elementor-widget elementor-widget-text-editor\" data-id=\"0d2df47\" data-element_type=\"widget\" data-e-type=\"widget\" data-widget_type=\"text-editor.default\">\n\t\t\t\t\t\t\t\t\t<p>\u042f \u0441\u0442\u0430\u0440\u0430\u044e\u0441\u044c \u043f\u0440\u0435\u0434\u043e\u0441\u0442\u0430\u0432\u0438\u0442\u044c \u0432\u0441\u044e \u043d\u0435\u043e\u0431\u0445\u043e\u0434\u0438\u043c\u0443\u044e \u0438\u043d\u0444\u043e\u0440\u043c\u0430\u0446\u0438\u044e \u0438 \u0447\u0435\u0441\u0442\u043d\u044b\u0435 \u0441\u043e\u0432\u0435\u0442\u044b \u0441\u0432\u043e\u0438\u043c \u043a\u043b\u0438\u0435\u043d\u0442\u0430\u043c, \u0447\u0442\u043e\u0431\u044b \u043e\u043d\u0438 \u043e\u0441\u0442\u0430\u0432\u0430\u043b\u0438\u0441\u044c \u0434\u043e\u0432\u043e\u043b\u044c\u043d\u044b\u043c\u0438 \u043c\u043e\u0435\u0439 \u043f\u0440\u043e\u0434\u0435\u043b\u0430\u043d\u043d\u043e\u0439 \u0440\u0430\u0431\u043e\u0442\u043e\u0439 \u0438 \u043f\u043e\u043b\u043d\u043e\u0441\u0442\u044c\u044e \u0434\u043e\u0432\u0435\u0440\u044f\u043b\u0438 \u043c\u043d\u0435 \u0438 \u043f\u0440\u0438\u043b\u043e\u0436\u0435\u043d\u043d\u044b\u043c \u0443\u0441\u0438\u043b\u0438\u044f\u043c.<\/p>\t\t\t\t\t\t\t\t<\/div>\n\t\t\t\t<\/div>\n\t\t\t\t<\/div>\n\t\t<div class=\"elementor-element elementor-element-5151d45 e-grid e-con-full e-con e-parent\" data-id=\"5151d45\" data-element_type=\"container\" data-e-type=\"container\" data-settings=\"{&quot;background_background&quot;:&quot;classic&quot;}\">\n\t\t\t\t<\/div>\n\t\t<div class=\"elementor-element elementor-element-580b27f e-flex e-con-boxed e-con e-parent\" data-id=\"580b27f\" data-element_type=\"container\" data-e-type=\"container\" data-settings=\"{&quot;background_background&quot;:&quot;gradient&quot;}\">\n\t\t\t\t\t<div class=\"e-con-inner\">\n\t\t<div class=\"elementor-element elementor-element-f5b4a08 e-con-full e-flex e-con e-child\" data-id=\"f5b4a08\" data-element_type=\"container\" data-e-type=\"container\">\n\t\t\t\t<div class=\"elementor-element elementor-element-4a87b21 elementor-widget elementor-widget-image\" data-id=\"4a87b21\" data-element_type=\"widget\" data-e-type=\"widget\" data-widget_type=\"image.default\">\n\t\t\t\t\t\t\t\t\t\t\t\t\t\t\t<img decoding=\"async\" width=\"1024\" height=\"110\" src=\"https:\/\/karinarealestateagent.com\/wp-content\/uploads\/2025\/12\/logo-5-1024x110.png\" class=\"attachment-large size-large wp-image-1420\" alt=\"\" srcset=\"https:\/\/karinarealestateagent.com\/wp-content\/uploads\/2025\/12\/logo-5-1024x110.png 1024w, https:\/\/karinarealestateagent.com\/wp-content\/uploads\/2025\/12\/logo-5-300x32.png 300w, https:\/\/karinarealestateagent.com\/wp-content\/uploads\/2025\/12\/logo-5-768x83.png 768w, https:\/\/karinarealestateagent.com\/wp-content\/uploads\/2025\/12\/logo-5-1536x165.png 1536w, https:\/\/karinarealestateagent.com\/wp-content\/uploads\/2025\/12\/logo-5-2048x220.png 2048w, https:\/\/karinarealestateagent.com\/wp-content\/uploads\/2025\/12\/logo-5-18x2.png 18w\" sizes=\"(max-width: 1024px) 100vw, 1024px\" \/>\t\t\t\t\t\t\t\t\t\t\t\t\t\t\t<\/div>\n\t\t\t\t<\/div>\n\t\t<div class=\"elementor-element elementor-element-6430999 e-con-full e-flex e-con e-child\" data-id=\"6430999\" data-element_type=\"container\" data-e-type=\"container\">\n\t\t\t\t<div class=\"elementor-element elementor-element-112ec04 elementor-widget elementor-widget-heading\" data-id=\"112ec04\" data-element_type=\"widget\" data-e-type=\"widget\" data-widget_type=\"heading.default\">\n\t\t\t\t\t<p class=\"elementor-heading-title elementor-size-default\">\u041a\u043e\u043d\u0442\u0430\u043a\u0442\u044b<\/p>\t\t\t\t<\/div>\n\t\t\t\t<div class=\"elementor-element elementor-element-ef7aef4 elementor-icon-list--layout-traditional elementor-list-item-link-full_width elementor-widget elementor-widget-icon-list\" data-id=\"ef7aef4\" data-element_type=\"widget\" data-e-type=\"widget\" data-widget_type=\"icon-list.default\">\n\t\t\t\t\t\t\t<ul class=\"elementor-icon-list-items\">\n\t\t\t\t\t\t\t<li class=\"elementor-icon-list-item\">\n\t\t\t\t\t\t\t\t\t\t\t<span class=\"elementor-icon-list-icon\">\n\t\t\t\t\t\t\t<svg aria-hidden=\"true\" class=\"e-font-icon-svg e-fas-phone-alt\" viewbox=\"0 0 512 512\" xmlns=\"http:\/\/www.w3.org\/2000\/svg\"><path d=\"M497.39 361.8l-112-48a24 24 0 0 0-28 6.9l-49.6 60.6A370.66 370.66 0 0 1 130.6 204.11l60.6-49.6a23.94 23.94 0 0 0 6.9-28l-48-112A24.16 24.16 0 0 0 122.6.61l-104 24A24 24 0 0 0 0 48c0 256.5 207.9 464 464 464a24 24 0 0 0 23.4-18.6l24-104a24.29 24.29 0 0 0-14.01-27.6z\"><\/path><\/svg>\t\t\t\t\t\t<\/span>\n\t\t\t\t\t\t\t\t\t\t<span class=\"elementor-icon-list-text\">+34 671737197<\/span>\n\t\t\t\t\t\t\t\t\t<\/li>\n\t\t\t\t\t\t\t\t<li class=\"elementor-icon-list-item\">\n\t\t\t\t\t\t\t\t\t\t\t<span class=\"elementor-icon-list-icon\">\n\t\t\t\t\t\t\t<svg aria-hidden=\"true\" class=\"e-font-icon-svg e-fas-envelope\" viewbox=\"0 0 512 512\" xmlns=\"http:\/\/www.w3.org\/2000\/svg\"><path d=\"M502.3 190.8c3.9-3.1 9.7-.2 9.7 4.7V400c0 26.5-21.5 48-48 48H48c-26.5 0-48-21.5-48-48V195.6c0-5 5.7-7.8 9.7-4.7 22.4 17.4 52.1 39.5 154.1 113.6 21.1 15.4 56.7 47.8 92.2 47.6 35.7.3 72-32.8 92.3-47.6 102-74.1 131.6-96.3 154-113.7zM256 320c23.2.4 56.6-29.2 73.4-41.4 132.7-96.3 142.8-104.7 173.4-128.7 5.8-4.5 9.2-11.5 9.2-18.9v-19c0-26.5-21.5-48-48-48H48C21.5 64 0 85.5 0 112v19c0 7.4 3.4 14.3 9.2 18.9 30.6 23.9 40.7 32.4 173.4 128.7 16.8 12.2 50.2 41.8 73.4 41.4z\"><\/path><\/svg>\t\t\t\t\t\t<\/span>\n\t\t\t\t\t\t\t\t\t\t<span class=\"elementor-icon-list-text\">favoritorealestate@gmail.com<\/span>\n\t\t\t\t\t\t\t\t\t<\/li>\n\t\t\t\t\t\t<\/ul>\n\t\t\t\t\t\t<\/div>\n\t\t\t\t<\/div>\n\t\t<div class=\"elementor-element elementor-element-6d204fd e-con-full e-flex e-con e-child\" data-id=\"6d204fd\" data-element_type=\"container\" data-e-type=\"container\">\n\t\t\t\t<div class=\"elementor-element elementor-element-89e0576 elementor-widget elementor-widget-heading\" data-id=\"89e0576\" data-element_type=\"widget\" data-e-type=\"widget\" data-widget_type=\"heading.default\">\n\t\t\t\t\t<p class=\"elementor-heading-title elementor-size-default\">\u0410\u0434\u0440\u0435\u0441<\/p>\t\t\t\t<\/div>\n\t\t\t\t<div class=\"elementor-element elementor-element-0f1178c elementor-icon-list--layout-traditional elementor-list-item-link-full_width elementor-widget elementor-widget-icon-list\" data-id=\"0f1178c\" data-element_type=\"widget\" data-e-type=\"widget\" data-widget_type=\"icon-list.default\">\n\t\t\t\t\t\t\t<ul class=\"elementor-icon-list-items\">\n\t\t\t\t\t\t\t<li class=\"elementor-icon-list-item\">\n\t\t\t\t\t\t\t\t\t\t\t<span class=\"elementor-icon-list-icon\">\n\t\t\t\t\t\t\t<svg aria-hidden=\"true\" class=\"e-font-icon-svg e-fas-map-marker-alt\" viewbox=\"0 0 384 512\" xmlns=\"http:\/\/www.w3.org\/2000\/svg\"><path d=\"M172.268 501.67C26.97 291.031 0 269.413 0 192 0 85.961 85.961 0 192 0s192 85.961 192 192c0 77.413-26.97 99.031-172.268 309.67-9.535 13.774-29.93 13.773-39.464 0zM192 272c44.183 0 80-35.817 80-80s-35.817-80-80-80-80 35.817-80 80 35.817 80 80 80z\"><\/path><\/svg>\t\t\t\t\t\t<\/span>\n\t\t\t\t\t\t\t\t\t\t<span class=\"elementor-icon-list-text\">Pasaje Alonso de C\u00e1rdenas 3, 29010, M\u00e1laga. Espa\u00f1a<\/span>\n\t\t\t\t\t\t\t\t\t<\/li>\n\t\t\t\t\t\t<\/ul>\n\t\t\t\t\t\t<\/div>\n\t\t\t\t<\/div>\n\t\t\t\t\t<\/div>\n\t\t\t\t<\/div>\n\t\t\t\t<\/div>","protected":false},"excerpt":{"rendered":"<p>Soy Agente Inmobiliario en la Costa del Sol, llevo muchos a\u00f1os en el sector, llegu\u00e9 a Espa\u00f1a en el 2012 , desde entonces me he enfocado en formarme y prepararme para ser de gran ayuda a las personas que necesiten realizar algunos tr\u00e1mites en Espa\u00f1a y puedan confiar en alguien que le haga todo el [&hellip;]<\/p>","protected":false},"author":1,"featured_media":0,"parent":0,"menu_order":0,"comment_status":"closed","ping_status":"closed","template":"elementor_header_footer","meta":{"_uag_custom_page_level_css":"","site-sidebar-layout":"default","site-content-layout":"plain-container","ast-site-content-layout":"full-width-container","site-content-style":"unboxed","site-sidebar-style":"unboxed","ast-global-header-display":"","ast-banner-title-visibility":"","ast-main-header-display":"","ast-hfb-above-header-display":"","ast-hfb-below-header-display":"","ast-hfb-mobile-header-display":"","site-post-title":"disabled","ast-breadcrumbs-content":"","ast-featured-img":"disabled","footer-sml-layout":"","theme-transparent-header-meta":"enabled","adv-header-id-meta":"","stick-header-meta":"","header-above-stick-meta":"","header-main-stick-meta":"","header-below-stick-meta":"","astra-migrate-meta-layouts":"set","ast-page-background-enabled":"default","ast-page-background-meta":{"desktop":{"background-color":"","background-image":"","background-repeat":"repeat","background-position":"center center","background-size":"auto","background-attachment":"scroll","background-type":"","background-media":"","overlay-type":"","overlay-color":"","overlay-opacity":"","overlay-gradient":""},"tablet":{"background-color":"","background-image":"","background-repeat":"repeat","background-position":"center center","background-size":"auto","background-attachment":"scroll","background-type":"","background-media":"","overlay-type":"","overlay-color":"","overlay-opacity":"","overlay-gradient":""},"mobile":{"background-color":"","background-image":"","background-repeat":"repeat","background-position":"center center","background-size":"auto","background-attachment":"scroll","background-type":"","background-media":"","overlay-type":"","overlay-color":"","overlay-opacity":"","overlay-gradient":""}},"ast-content-background-meta":{"desktop":{"background-color":"var(--ast-global-color-5)","background-image":"","background-repeat":"repeat","background-position":"center center","background-size":"auto","background-attachment":"scroll","background-type":"","background-media":"","overlay-type":"","overlay-color":"","overlay-opacity":"","overlay-gradient":""},"tablet":{"background-color":"var(--ast-global-color-5)","background-image":"","background-repeat":"repeat","background-position":"center center","background-size":"auto","background-attachment":"scroll","background-type":"","background-media":"","overlay-type":"","overlay-color":"","overlay-opacity":"","overlay-gradient":""},"mobile":{"background-color":"var(--ast-global-color-5)","background-image":"","background-repeat":"repeat","background-position":"center center","background-size":"auto","background-attachment":"scroll","background-type":"","background-media":"","overlay-type":"","overlay-color":"","overlay-opacity":"","overlay-gradient":""}},"_joinchat":[],"footnotes":""},"class_list":["post-1377","page","type-page","status-publish","hentry"],"uagb_featured_image_src":{"full":false,"thumbnail":false,"medium":false,"medium_large":false,"large":false,"1536x1536":false,"2048x2048":false,"trp-custom-language-flag":false},"uagb_author_info":{"display_name":"karinarealestateagent.com","author_link":"https:\/\/karinarealestateagent.com\/ru\/author\/karinarealestateagent-com\/"},"uagb_comment_info":0,"uagb_excerpt":"Soy Agente Inmobiliario en la Costa del Sol, llevo muchos a\u00f1os en el sector, llegu\u00e9 a Espa\u00f1a en el 2012 , desde entonces me he enfocado en formarme y prepararme para ser de gran ayuda a las personas que necesiten realizar algunos tr\u00e1mites en Espa\u00f1a y puedan confiar en alguien que le haga todo el&hellip;","amp_enabled":false,"_links":{"self":[{"href":"https:\/\/karinarealestateagent.com\/ru\/wp-json\/wp\/v2\/pages\/1377","targetHints":{"allow":["GET"]}}],"collection":[{"href":"https:\/\/karinarealestateagent.com\/ru\/wp-json\/wp\/v2\/pages"}],"about":[{"href":"https:\/\/karinarealestateagent.com\/ru\/wp-json\/wp\/v2\/types\/page"}],"author":[{"embeddable":true,"href":"https:\/\/karinarealestateagent.com\/ru\/wp-json\/wp\/v2\/users\/1"}],"replies":[{"embeddable":true,"href":"https:\/\/karinarealestateagent.com\/ru\/wp-json\/wp\/v2\/comments?post=1377"}],"version-history":[{"count":91,"href":"https:\/\/karinarealestateagent.com\/ru\/wp-json\/wp\/v2\/pages\/1377\/revisions"}],"predecessor-version":[{"id":1601,"href":"https:\/\/karinarealestateagent.com\/ru\/wp-json\/wp\/v2\/pages\/1377\/revisions\/1601"}],"wp:attachment":[{"href":"https:\/\/karinarealestateagent.com\/ru\/wp-json\/wp\/v2\/media?parent=1377"}],"curies":[{"name":"wp","href":"https:\/\/api.w.org\/{rel}","templated":true}]}}