{"id":1533,"date":"2025-12-21T23:47:05","date_gmt":"2025-12-21T22:47:05","guid":{"rendered":"https:\/\/karinarealestateagent.com\/?page_id=1533"},"modified":"2025-12-22T10:52:41","modified_gmt":"2025-12-22T09:52:41","slug":"servicios","status":"publish","type":"page","link":"https:\/\/karinarealestateagent.com\/ru\/servicios\/","title":{"rendered":"\u0423\u0441\u043b\u0443\u0433\u0438"},"content":{"rendered":"<div data-elementor-type=\"wp-page\" data-elementor-id=\"1533\" class=\"elementor elementor-1533\">\n\t\t\t\t<div class=\"elementor-element elementor-element-e2a4b11 e-con-full e-flex e-con e-parent\" data-id=\"e2a4b11\" data-element_type=\"container\" data-e-type=\"container\" data-settings=\"{&quot;background_background&quot;:&quot;classic&quot;}\">\n\t\t<div class=\"elementor-element elementor-element-5d2340f e-con-full e-flex e-con e-child\" data-id=\"5d2340f\" data-element_type=\"container\" data-e-type=\"container\" data-settings=\"{&quot;background_background&quot;:&quot;classic&quot;}\">\n\t\t<div class=\"elementor-element elementor-element-bb75383 e-grid e-con-full e-con e-child\" data-id=\"bb75383\" data-element_type=\"container\" data-e-type=\"container\">\n\t\t\t\t<div class=\"elementor-element elementor-element-dd9e940 elementor-widget elementor-widget-heading\" data-id=\"dd9e940\" data-element_type=\"widget\" data-e-type=\"widget\" data-widget_type=\"heading.default\">\n\t\t\t\t\t<h2 class=\"elementor-heading-title elementor-size-default\">\u0423\u0441\u043b\u0443\u0433\u0438<\/h2>\t\t\t\t<\/div>\n\t\t\t\t<div class=\"elementor-element elementor-element-54d13c3 elementor-widget elementor-widget-heading\" data-id=\"54d13c3\" data-element_type=\"widget\" data-e-type=\"widget\" data-widget_type=\"heading.default\">\n\t\t\t\t\t<h5 class=\"elementor-heading-title elementor-size-default\">\u0414\u0430\u0432\u0430\u0439\u0442\u0435 \u043f\u043e\u0433\u043e\u0432\u043e\u0440\u0438\u043c!<\/h5>\t\t\t\t<\/div>\n\t\t\t\t<\/div>\n\t\t\t\t<\/div>\n\t\t<div class=\"elementor-element elementor-element-1674488 e-con-full e-flex e-con e-child\" data-id=\"1674488\" data-element_type=\"container\" data-e-type=\"container\" data-settings=\"{&quot;background_background&quot;:&quot;classic&quot;}\">\n\t\t\t\t<div class=\"elementor-element elementor-element-19fb689 elementor-widget__width-initial elementor-widget elementor-widget-image\" data-id=\"19fb689\" data-element_type=\"widget\" data-e-type=\"widget\" data-widget_type=\"image.default\">\n\t\t\t\t\t\t\t\t\t\t\t\t\t\t\t<img decoding=\"async\" src=\"https:\/\/karinarealestateagent.com\/wp-content\/uploads\/elementor\/thumbs\/casas-modernas-con-vistas-al-mar-10-qkv1wd6dri3rewhxrwz3c9mwlxfgz6wkk4vns7b5oo.jpg\" title=\"casas-modernas-con-vistas-al-mar-10\" alt=\"casas-modernas-con-vistas-al-mar-10\" loading=\"lazy\" \/>\t\t\t\t\t\t\t\t\t\t\t\t\t\t\t<\/div>\n\t\t\t\t<\/div>\n\t\t<div class=\"elementor-element elementor-element-0956337 e-con-full e-flex e-con e-child\" data-id=\"0956337\" data-element_type=\"container\" data-e-type=\"container\" data-settings=\"{&quot;background_background&quot;:&quot;classic&quot;}\">\n\t\t\t\t<\/div>\n\t\t\t\t<\/div>\n\t\t<div class=\"elementor-element elementor-element-6f8d74f e-flex e-con-boxed e-con e-parent\" data-id=\"6f8d74f\" data-element_type=\"container\" data-e-type=\"container\" data-settings=\"{&quot;background_background&quot;:&quot;classic&quot;}\">\n\t\t\t\t\t<div class=\"e-con-inner\">\n\t\t<div class=\"elementor-element elementor-element-0305277 e-con-full e-flex e-con e-child\" data-id=\"0305277\" data-element_type=\"container\" data-e-type=\"container\">\n\t\t\t\t<div class=\"elementor-element elementor-element-b934ed4 elementor-widget elementor-widget-text-editor\" data-id=\"b934ed4\" data-element_type=\"widget\" data-e-type=\"widget\" data-widget_type=\"text-editor.default\">\n\t\t\t\t\t\t\t\t\t<p><strong>\u041f\u0420\u041e\u0414\u0410\u0416\u0410 \u041d\u0415\u0414\u0412\u0418\u0416\u0418\u041c\u041e\u0421\u0422\u0418<\/strong><\/p>\n\n\n\n<p><strong>\u041f\u041e\u041a\u0423\u041f\u041a\u0410 \u041d\u0415\u0414\u0412\u0418\u0416\u0418\u041c\u041e\u0421\u0422\u0418<\/strong><\/p>\n\n\n\n<p><strong>\u0410\u0420\u0415\u041d\u0414\u0410 \u041d\u0410 \u0414\u041e\u041b\u0413\u0418\u0419 \u0418 \u041a\u041e\u0420\u041e\u0422\u041a\u0418\u0419 \u0421\u0420\u041e\u041a<\/strong><\/p>\n\n\n\n<p><strong>\u041f\u0415\u0420\u0415\u0412\u041e\u0414\u042b \u0418 \u042e\u0420\u0418\u0414\u0418\u0427\u0415\u0421\u041a\u0418\u0415 \u041a\u041e\u041d\u0421\u0423\u041b\u042c\u0422\u0410\u0426\u0418\u0418<\/strong><\/p>\t\t\t\t\t\t\t\t<\/div>\n\t\t\t\t<div class=\"elementor-element elementor-element-8880b04 elementor-widget-divider--view-line elementor-widget elementor-widget-divider\" data-id=\"8880b04\" data-element_type=\"widget\" data-e-type=\"widget\" data-widget_type=\"divider.default\">\n\t\t\t\t\t\t\t<div class=\"elementor-divider\">\n\t\t\t<span class=\"elementor-divider-separator\">\n\t\t\t\t\t\t<\/span>\n\t\t<\/div>\n\t\t\t\t\t\t<\/div>\n\t\t\t\t<\/div>\n\t\t<div class=\"elementor-element elementor-element-75df083 e-con-full e-flex e-con e-child\" data-id=\"75df083\" data-element_type=\"container\" data-e-type=\"container\">\n\t\t\t\t<div class=\"elementor-element elementor-element-37bd9c4 elementor-widget elementor-widget-text-editor\" data-id=\"37bd9c4\" data-element_type=\"widget\" data-e-type=\"widget\" data-widget_type=\"text-editor.default\">\n\t\t\t\t\t\t\t\t\t<p><strong>\u041f\u0415\u0420\u0415\u041e\u0424\u041e\u0420\u041c\u041b\u0415\u041d\u0418\u0415<\/strong><\/p>\n\n\n\n<p><strong>\u041f\u041e\u041c\u041e\u0429\u042c \u0421 \u041a\u0420\u0415\u0414\u0418\u0422\u041e\u041c(\u0418\u041f\u041e\u0422\u0415\u041a\u0410) <\/strong><\/p>\n\n\n\n<p><strong>\u041e\u0422\u041a\u0420\u042b\u0422\u0418\u0415 \u0411\u0410\u041d\u041a\u041e\u0412\u0421\u041a\u041e\u0413\u041e \u0421\u0427\u0415\u0422\u0410<\/strong><\/p>\n\n\n\n<p><strong>\u041f\u041e\u041c\u041e\u0429\u042c \u0412 \u041d\u041e\u0422\u0410\u0420\u0418\u0410\u041b\u042c\u041d\u042b\u0425 \u0423\u0421\u041b\u0423\u0413\u0410\u0425<\/strong><\/p>\t\t\t\t\t\t\t\t<\/div>\n\t\t\t\t<div class=\"elementor-element elementor-element-1361a00 elementor-widget-divider--view-line elementor-widget elementor-widget-divider\" data-id=\"1361a00\" data-element_type=\"widget\" data-e-type=\"widget\" data-widget_type=\"divider.default\">\n\t\t\t\t\t\t\t<div class=\"elementor-divider\">\n\t\t\t<span class=\"elementor-divider-separator\">\n\t\t\t\t\t\t<\/span>\n\t\t<\/div>\n\t\t\t\t\t\t<\/div>\n\t\t\t\t<\/div>\n\t\t\t\t\t<\/div>\n\t\t\t\t<\/div>\n\t\t<div class=\"elementor-element elementor-element-400be4ed e-flex e-con-boxed e-con e-parent\" data-id=\"400be4ed\" data-element_type=\"container\" data-e-type=\"container\" data-settings=\"{&quot;background_background&quot;:&quot;gradient&quot;}\">\n\t\t\t\t\t<div class=\"e-con-inner\">\n\t\t<div class=\"elementor-element elementor-element-6109639c e-con-full e-flex e-con e-child\" data-id=\"6109639c\" data-element_type=\"container\" data-e-type=\"container\">\n\t\t\t\t<div class=\"elementor-element elementor-element-1007653 elementor-widget elementor-widget-image\" data-id=\"1007653\" data-element_type=\"widget\" data-e-type=\"widget\" data-widget_type=\"image.default\">\n\t\t\t\t\t\t\t\t\t\t\t\t\t\t\t<img fetchpriority=\"high\" decoding=\"async\" width=\"1024\" height=\"110\" src=\"https:\/\/karinarealestateagent.com\/wp-content\/uploads\/2025\/12\/logo-5-1024x110.png\" class=\"attachment-large size-large wp-image-1420\" alt=\"\" srcset=\"https:\/\/karinarealestateagent.com\/wp-content\/uploads\/2025\/12\/logo-5-1024x110.png 1024w, https:\/\/karinarealestateagent.com\/wp-content\/uploads\/2025\/12\/logo-5-300x32.png 300w, https:\/\/karinarealestateagent.com\/wp-content\/uploads\/2025\/12\/logo-5-768x83.png 768w, https:\/\/karinarealestateagent.com\/wp-content\/uploads\/2025\/12\/logo-5-1536x165.png 1536w, https:\/\/karinarealestateagent.com\/wp-content\/uploads\/2025\/12\/logo-5-2048x220.png 2048w, https:\/\/karinarealestateagent.com\/wp-content\/uploads\/2025\/12\/logo-5-18x2.png 18w\" sizes=\"(max-width: 1024px) 100vw, 1024px\" \/>\t\t\t\t\t\t\t\t\t\t\t\t\t\t\t<\/div>\n\t\t\t\t<\/div>\n\t\t<div class=\"elementor-element elementor-element-174b82b3 e-con-full e-flex e-con e-child\" data-id=\"174b82b3\" data-element_type=\"container\" data-e-type=\"container\">\n\t\t\t\t<div class=\"elementor-element elementor-element-5b86869 elementor-widget elementor-widget-heading\" data-id=\"5b86869\" data-element_type=\"widget\" data-e-type=\"widget\" data-widget_type=\"heading.default\">\n\t\t\t\t\t<p class=\"elementor-heading-title elementor-size-default\">\u041a\u043e\u043d\u0442\u0430\u043a\u0442\u044b<\/p>\t\t\t\t<\/div>\n\t\t\t\t<div class=\"elementor-element elementor-element-7d94ab82 elementor-icon-list--layout-traditional elementor-list-item-link-full_width elementor-widget elementor-widget-icon-list\" data-id=\"7d94ab82\" data-element_type=\"widget\" data-e-type=\"widget\" data-widget_type=\"icon-list.default\">\n\t\t\t\t\t\t\t<ul class=\"elementor-icon-list-items\">\n\t\t\t\t\t\t\t<li class=\"elementor-icon-list-item\">\n\t\t\t\t\t\t\t\t\t\t\t<span class=\"elementor-icon-list-icon\">\n\t\t\t\t\t\t\t<svg aria-hidden=\"true\" class=\"e-font-icon-svg e-fas-phone-alt\" viewbox=\"0 0 512 512\" xmlns=\"http:\/\/www.w3.org\/2000\/svg\"><path d=\"M497.39 361.8l-112-48a24 24 0 0 0-28 6.9l-49.6 60.6A370.66 370.66 0 0 1 130.6 204.11l60.6-49.6a23.94 23.94 0 0 0 6.9-28l-48-112A24.16 24.16 0 0 0 122.6.61l-104 24A24 24 0 0 0 0 48c0 256.5 207.9 464 464 464a24 24 0 0 0 23.4-18.6l24-104a24.29 24.29 0 0 0-14.01-27.6z\"><\/path><\/svg>\t\t\t\t\t\t<\/span>\n\t\t\t\t\t\t\t\t\t\t<span class=\"elementor-icon-list-text\">+34 671737197<\/span>\n\t\t\t\t\t\t\t\t\t<\/li>\n\t\t\t\t\t\t\t\t<li class=\"elementor-icon-list-item\">\n\t\t\t\t\t\t\t\t\t\t\t<span class=\"elementor-icon-list-icon\">\n\t\t\t\t\t\t\t<svg aria-hidden=\"true\" class=\"e-font-icon-svg e-fas-envelope\" viewbox=\"0 0 512 512\" xmlns=\"http:\/\/www.w3.org\/2000\/svg\"><path d=\"M502.3 190.8c3.9-3.1 9.7-.2 9.7 4.7V400c0 26.5-21.5 48-48 48H48c-26.5 0-48-21.5-48-48V195.6c0-5 5.7-7.8 9.7-4.7 22.4 17.4 52.1 39.5 154.1 113.6 21.1 15.4 56.7 47.8 92.2 47.6 35.7.3 72-32.8 92.3-47.6 102-74.1 131.6-96.3 154-113.7zM256 320c23.2.4 56.6-29.2 73.4-41.4 132.7-96.3 142.8-104.7 173.4-128.7 5.8-4.5 9.2-11.5 9.2-18.9v-19c0-26.5-21.5-48-48-48H48C21.5 64 0 85.5 0 112v19c0 7.4 3.4 14.3 9.2 18.9 30.6 23.9 40.7 32.4 173.4 128.7 16.8 12.2 50.2 41.8 73.4 41.4z\"><\/path><\/svg>\t\t\t\t\t\t<\/span>\n\t\t\t\t\t\t\t\t\t\t<span class=\"elementor-icon-list-text\">favoritorealestate@gmail.com<\/span>\n\t\t\t\t\t\t\t\t\t<\/li>\n\t\t\t\t\t\t<\/ul>\n\t\t\t\t\t\t<\/div>\n\t\t\t\t<\/div>\n\t\t<div class=\"elementor-element elementor-element-66e9edd9 e-con-full e-flex e-con e-child\" data-id=\"66e9edd9\" data-element_type=\"container\" data-e-type=\"container\">\n\t\t\t\t<div class=\"elementor-element elementor-element-1448fdf1 elementor-widget elementor-widget-heading\" data-id=\"1448fdf1\" data-element_type=\"widget\" data-e-type=\"widget\" data-widget_type=\"heading.default\">\n\t\t\t\t\t<p class=\"elementor-heading-title elementor-size-default\">\u0410\u0434\u0440\u0435\u0441<\/p>\t\t\t\t<\/div>\n\t\t\t\t<div class=\"elementor-element elementor-element-a7df087 elementor-icon-list--layout-traditional elementor-list-item-link-full_width elementor-widget elementor-widget-icon-list\" data-id=\"a7df087\" data-element_type=\"widget\" data-e-type=\"widget\" data-widget_type=\"icon-list.default\">\n\t\t\t\t\t\t\t<ul class=\"elementor-icon-list-items\">\n\t\t\t\t\t\t\t<li class=\"elementor-icon-list-item\">\n\t\t\t\t\t\t\t\t\t\t\t<span class=\"elementor-icon-list-icon\">\n\t\t\t\t\t\t\t<svg aria-hidden=\"true\" class=\"e-font-icon-svg e-fas-map-marker-alt\" viewbox=\"0 0 384 512\" xmlns=\"http:\/\/www.w3.org\/2000\/svg\"><path d=\"M172.268 501.67C26.97 291.031 0 269.413 0 192 0 85.961 85.961 0 192 0s192 85.961 192 192c0 77.413-26.97 99.031-172.268 309.67-9.535 13.774-29.93 13.773-39.464 0zM192 272c44.183 0 80-35.817 80-80s-35.817-80-80-80-80 35.817-80 80 35.817 80 80 80z\"><\/path><\/svg>\t\t\t\t\t\t<\/span>\n\t\t\t\t\t\t\t\t\t\t<span class=\"elementor-icon-list-text\">Pasaje Alonso de C\u00e1rdenas 3, 29010, M\u00e1laga. Espa\u00f1a<\/span>\n\t\t\t\t\t\t\t\t\t<\/li>\n\t\t\t\t\t\t<\/ul>\n\t\t\t\t\t\t<\/div>\n\t\t\t\t<\/div>\n\t\t\t\t\t<\/div>\n\t\t\t\t<\/div>\n\t\t\t\t<\/div>","protected":false},"excerpt":{"rendered":"<p>Servicios Vamos a hablar! VENTA DE VIVIENDA COMPRA DE VIVIENDA ALQUILER Y ALQUILER VACACIONAL TRADUCCI\u00d3N Y ASESORAMIENTO LEGAL CAMBIOS DE TITULARIDAD GESTI\u00d3N DE PR\u00c9STAMOS (HIPOTECA) APERTURA DE CUENTA BANCARIA GESTIONES DE NOTAR\u00cdA Contacto +34 671737197 favoritorealestate@gmail.com Direcci\u00f3n Pasaje Alonso de C\u00e1rdenas 3, 29010, M\u00e1laga. Espa\u00f1a<\/p>","protected":false},"author":1,"featured_media":0,"parent":0,"menu_order":0,"comment_status":"closed","ping_status":"closed","template":"elementor_header_footer","meta":{"_uag_custom_page_level_css":"","site-sidebar-layout":"no-sidebar","site-content-layout":"plain-container","ast-site-content-layout":"full-width-container","site-content-style":"unboxed","site-sidebar-style":"unboxed","ast-global-header-display":"","ast-banner-title-visibility":"","ast-main-header-display":"","ast-hfb-above-header-display":"","ast-hfb-below-header-display":"","ast-hfb-mobile-header-display":"","site-post-title":"disabled","ast-breadcrumbs-content":"","ast-featured-img":"disabled","footer-sml-layout":"","theme-transparent-header-meta":"enabled","adv-header-id-meta":"","stick-header-meta":"","header-above-stick-meta":"","header-main-stick-meta":"","header-below-stick-meta":"","astra-migrate-meta-layouts":"set","ast-page-background-enabled":"default","ast-page-background-meta":{"desktop":{"background-color":"","background-image":"","background-repeat":"repeat","background-position":"center center","background-size":"auto","background-attachment":"scroll","background-type":"","background-media":"","overlay-type":"","overlay-color":"","overlay-opacity":"","overlay-gradient":""},"tablet":{"background-color":"","background-image":"","background-repeat":"repeat","background-position":"center center","background-size":"auto","background-attachment":"scroll","background-type":"","background-media":"","overlay-type":"","overlay-color":"","overlay-opacity":"","overlay-gradient":""},"mobile":{"background-color":"","background-image":"","background-repeat":"repeat","background-position":"center center","background-size":"auto","background-attachment":"scroll","background-type":"","background-media":"","overlay-type":"","overlay-color":"","overlay-opacity":"","overlay-gradient":""}},"ast-content-background-meta":{"desktop":{"background-color":"var(--ast-global-color-5)","background-image":"","background-repeat":"repeat","background-position":"center center","background-size":"auto","background-attachment":"scroll","background-type":"","background-media":"","overlay-type":"","overlay-color":"","overlay-opacity":"","overlay-gradient":""},"tablet":{"background-color":"var(--ast-global-color-5)","background-image":"","background-repeat":"repeat","background-position":"center center","background-size":"auto","background-attachment":"scroll","background-type":"","background-media":"","overlay-type":"","overlay-color":"","overlay-opacity":"","overlay-gradient":""},"mobile":{"background-color":"var(--ast-global-color-5)","background-image":"","background-repeat":"repeat","background-position":"center center","background-size":"auto","background-attachment":"scroll","background-type":"","background-media":"","overlay-type":"","overlay-color":"","overlay-opacity":"","overlay-gradient":""}},"_joinchat":[],"footnotes":""},"class_list":["post-1533","page","type-page","status-publish","hentry"],"uagb_featured_image_src":{"full":false,"thumbnail":false,"medium":false,"medium_large":false,"large":false,"1536x1536":false,"2048x2048":false,"trp-custom-language-flag":false},"uagb_author_info":{"display_name":"karinarealestateagent.com","author_link":"https:\/\/karinarealestateagent.com\/ru\/author\/karinarealestateagent-com\/"},"uagb_comment_info":0,"uagb_excerpt":"Servicios Vamos a hablar! VENTA DE VIVIENDA COMPRA DE VIVIENDA ALQUILER Y ALQUILER VACACIONAL TRADUCCI\u00d3N Y ASESORAMIENTO LEGAL CAMBIOS DE TITULARIDAD GESTI\u00d3N DE PR\u00c9STAMOS (HIPOTECA) APERTURA DE CUENTA BANCARIA GESTIONES DE NOTAR\u00cdA Contacto +34 671737197 favoritorealestate@gmail.com Direcci\u00f3n Pasaje Alonso de C\u00e1rdenas 3, 29010, M\u00e1laga. Espa\u00f1a","amp_enabled":false,"_links":{"self":[{"href":"https:\/\/karinarealestateagent.com\/ru\/wp-json\/wp\/v2\/pages\/1533","targetHints":{"allow":["GET"]}}],"collection":[{"href":"https:\/\/karinarealestateagent.com\/ru\/wp-json\/wp\/v2\/pages"}],"about":[{"href":"https:\/\/karinarealestateagent.com\/ru\/wp-json\/wp\/v2\/types\/page"}],"author":[{"embeddable":true,"href":"https:\/\/karinarealestateagent.com\/ru\/wp-json\/wp\/v2\/users\/1"}],"replies":[{"embeddable":true,"href":"https:\/\/karinarealestateagent.com\/ru\/wp-json\/wp\/v2\/comments?post=1533"}],"version-history":[{"count":10,"href":"https:\/\/karinarealestateagent.com\/ru\/wp-json\/wp\/v2\/pages\/1533\/revisions"}],"predecessor-version":[{"id":1598,"href":"https:\/\/karinarealestateagent.com\/ru\/wp-json\/wp\/v2\/pages\/1533\/revisions\/1598"}],"wp:attachment":[{"href":"https:\/\/karinarealestateagent.com\/ru\/wp-json\/wp\/v2\/media?parent=1533"}],"curies":[{"name":"wp","href":"https:\/\/api.w.org\/{rel}","templated":true}]}}